{"id":1730,"date":"2021-02-15T21:54:02","date_gmt":"2021-02-15T20:54:02","guid":{"rendered":"https:\/\/penzionteddy.sk\/cookies-policy\/"},"modified":"2021-02-16T19:26:18","modified_gmt":"2021-02-16T18:26:18","slug":"cookies-policy","status":"publish","type":"page","link":"https:\/\/penzionteddy.sk\/en\/cookies-policy\/","title":{"rendered":"Cookies policy"},"content":{"rendered":"\t\t<div data-elementor-type=\"wp-page\" data-elementor-id=\"1730\" class=\"elementor elementor-1730 elementor-599\" data-elementor-post-type=\"page\">\n\t\t\t\t\t\t<section class=\"elementor-section elementor-top-section elementor-element elementor-element-954ac1a elementor-section-boxed elementor-section-height-default elementor-section-height-default\" data-id=\"954ac1a\" data-element_type=\"section\" data-e-type=\"section\" data-settings=\"{&quot;jet_parallax_layout_list&quot;:[]}\">\n\t\t\t\t\t\t<div class=\"elementor-container elementor-column-gap-default\">\n\t\t\t\t\t<div class=\"elementor-column elementor-col-100 elementor-top-column elementor-element elementor-element-c388617\" data-id=\"c388617\" data-element_type=\"column\" data-e-type=\"column\">\n\t\t\t<div class=\"elementor-widget-wrap elementor-element-populated\">\n\t\t\t\t\t\t<div class=\"elementor-element elementor-element-bfa013c elementor-widget elementor-widget-heading\" data-id=\"bfa013c\" data-element_type=\"widget\" data-e-type=\"widget\" data-widget_type=\"heading.default\">\n\t\t\t\t<div class=\"elementor-widget-container\">\n\t\t\t\t\t<h2 class=\"elementor-heading-title elementor-size-default\">Cookies policy<\/h2>\t\t\t\t<\/div>\n\t\t\t\t<\/div>\n\t\t\t\t<div class=\"elementor-element elementor-element-9b413b9 elementor-widget elementor-widget-text-editor\" data-id=\"9b413b9\" data-element_type=\"widget\" data-e-type=\"widget\" data-widget_type=\"text-editor.default\">\n\t\t\t\t<div class=\"elementor-widget-container\">\n\t\t\t\t\t\t\t\t\t<p><b>S\u00fabory cookie<\/b><br \/>S cie\u013eom zabezpe\u010di\u0165 riadne fungovanie tejto webovej lokality uklad\u00e1me niekedy na va\u0161om zariaden\u00ed mal\u00e9 d\u00e1tov\u00e9 s\u00fabory, tzv. cookie. Je to be\u017en\u00e1 prax v\u00e4\u010d\u0161iny ve\u013ek\u00fdch webov\u00fdch lokal\u00edt.<\/p>\n<p><b>\u010co s\u00fa s\u00fabory cookie?<\/b><br \/>S\u00fabor cookie je mal\u00fd textov\u00fd s\u00fabor, ktor\u00fd webov\u00e1 lokalita uklad\u00e1 vo va\u0161om po\u010d\u00edta\u010di alebo mobilnom zariaden\u00ed pri jej prehliadan\u00ed. V\u010faka tomuto s\u00faboru si webov\u00e1 lokalita na ur\u010dit\u00fd \u010das uchov\u00e1va inform\u00e1cie o va\u0161ich krokoch a preferenci\u00e1ch (ako s\u00fa prihlasovacie meno, jazyk, ve\u013ekos\u0165 p\u00edsma a in\u00e9 nastavenia zobrazovania), tak\u017ee ich pri \u010fal\u0161ej n\u00e1v\u0161teve lokality alebo prehliadan\u00ed jej jednotliv\u00fdch str\u00e1nok nemus\u00edte op\u00e4tovne uv\u00e1dza\u0165.<\/p>\n<p><b>Ako pou\u017e\u00edvame s\u00fabory cookie?<\/b><br \/>Tieto webstr\u00e1nky pou\u017e\u00edvaj\u00fa s\u00fabory cookies na zapam\u00e4tanie si pou\u017e\u00edvate\u013esk\u00fdch nastaven\u00ed, pre lep\u0161ie prisp\u00f4sobenie rekl\u00e1m z\u00e1ujmom n\u00e1v\u0161tevn\u00edkov a pre nevyhnutn\u00fa funkcionalitu webstr\u00e1nok.<\/p>\n<p><b>Ako kontrolova\u0165 s\u00fabory cookie<\/b><br \/>S\u00fabory cookie m\u00f4\u017eete kontrolova\u0165 alebo zmaza\u0165 pod\u013ea uv\u00e1\u017eenia \u2013 podrobnosti si pozrite na str\u00e1nke aboutcookies.org. M\u00f4\u017eete vymaza\u0165 v\u0161etky s\u00fabory cookie ulo\u017een\u00e9 vo svojom po\u010d\u00edta\u010di a v\u00e4\u010d\u0161inu prehliada\u010dov m\u00f4\u017eete nastavi\u0165 tak, aby ste im znemo\u017enili ich ukladanie. V takomto pr\u00edpade v\u0161ak pravdepodobne budete musie\u0165 pri ka\u017edej n\u00e1v\u0161teve webovej lokality manu\u00e1lne upravova\u0165 niektor\u00e9 nastavenia a niektor\u00e9 slu\u017eby a funkcie nebud\u00fa fungova\u0165.<\/p>\n<p><b>Ako odmietnu\u0165 pou\u017e\u00edvanie s\u00faborov cookie<\/b><br \/>Pou\u017e\u00edvanie s\u00faborov cookie je mo\u017en\u00e9 nastavi\u0165 pomocou V\u00e1\u0161ho internetov\u00e9ho prehliada\u010da. V\u00e4\u010d\u0161ina prehliada\u010dov s\u00fabory cookie automaticky prij\u00edma u\u017e v \u00favodnom nastaven\u00ed.<\/p>\n\t\t\t\t\t\t\t\t<\/div>\n\t\t\t\t<\/div>\n\t\t\t\t\t<\/div>\n\t\t<\/div>\n\t\t\t\t\t<\/div>\n\t\t<\/section>\n\t\t\t\t<\/div>\n\t\t","protected":false},"excerpt":{"rendered":"<p>Cookies policy S\u00fabory cookieS cie\u013eom zabezpe\u010di\u0165 riadne fungovanie tejto webovej lokality uklad\u00e1me niekedy na va\u0161om zariaden\u00ed mal\u00e9 d\u00e1tov\u00e9 s\u00fabory, tzv. cookie. Je to be\u017en\u00e1 prax v\u00e4\u010d\u0161iny ve\u013ek\u00fdch webov\u00fdch lokal\u00edt. \u010co s\u00fa s\u00fabory cookie?S\u00fabor cookie je mal\u00fd textov\u00fd s\u00fabor, ktor\u00fd webov\u00e1 lokalita uklad\u00e1 vo va\u0161om po\u010d\u00edta\u010di alebo mobilnom zariaden\u00ed pri jej prehliadan\u00ed. V\u010faka tomuto s\u00faboru si [&hellip;]<\/p>\n","protected":false},"author":1,"featured_media":0,"parent":0,"menu_order":0,"comment_status":"closed","ping_status":"closed","template":"elementor_header_footer","meta":{"footnotes":""},"class_list":["post-1730","page","type-page","status-publish","hentry"],"yoast_head":"<!-- This site is optimized with the Yoast SEO plugin v27.0 - https:\/\/yoast.com\/product\/yoast-seo-wordpress\/ -->\n<title>Cookies policy - Apartm\u00e1ny Teddy<\/title>\n<meta name=\"robots\" content=\"index, follow, max-snippet:-1, max-image-preview:large, max-video-preview:-1\" \/>\n<link rel=\"canonical\" href=\"https:\/\/penzionteddy.sk\/en\/cookies-policy\/\" \/>\n<meta property=\"og:locale\" content=\"en_US\" \/>\n<meta property=\"og:type\" content=\"article\" \/>\n<meta property=\"og:title\" content=\"Cookies policy - Apartm\u00e1ny Teddy\" \/>\n<meta property=\"og:description\" content=\"Cookies policy S\u00fabory cookieS cie\u013eom zabezpe\u010di\u0165 riadne fungovanie tejto webovej lokality uklad\u00e1me niekedy na va\u0161om zariaden\u00ed mal\u00e9 d\u00e1tov\u00e9 s\u00fabory, tzv. cookie. Je to be\u017en\u00e1 prax v\u00e4\u010d\u0161iny ve\u013ek\u00fdch webov\u00fdch lokal\u00edt. \u010co s\u00fa s\u00fabory cookie?S\u00fabor cookie je mal\u00fd textov\u00fd s\u00fabor, ktor\u00fd webov\u00e1 lokalita uklad\u00e1 vo va\u0161om po\u010d\u00edta\u010di alebo mobilnom zariaden\u00ed pri jej prehliadan\u00ed. V\u010faka tomuto s\u00faboru si [&hellip;]\" \/>\n<meta property=\"og:url\" content=\"https:\/\/penzionteddy.sk\/en\/cookies-policy\/\" \/>\n<meta property=\"og:site_name\" content=\"Apartm\u00e1ny Teddy\" \/>\n<meta property=\"article:modified_time\" content=\"2021-02-16T18:26:18+00:00\" \/>\n<meta name=\"twitter:card\" content=\"summary_large_image\" \/>\n<meta name=\"twitter:label1\" content=\"Est. reading time\" \/>\n\t<meta name=\"twitter:data1\" content=\"1 minute\" \/>\n<script type=\"application\/ld+json\" class=\"yoast-schema-graph\">{\"@context\":\"https:\/\/schema.org\",\"@graph\":[{\"@type\":\"WebPage\",\"@id\":\"https:\/\/penzionteddy.sk\/en\/cookies-policy\/\",\"url\":\"https:\/\/penzionteddy.sk\/en\/cookies-policy\/\",\"name\":\"Cookies policy - Apartm\u00e1ny Teddy\",\"isPartOf\":{\"@id\":\"https:\/\/penzionteddy.sk\/en\/#website\"},\"datePublished\":\"2021-02-15T20:54:02+00:00\",\"dateModified\":\"2021-02-16T18:26:18+00:00\",\"breadcrumb\":{\"@id\":\"https:\/\/penzionteddy.sk\/en\/cookies-policy\/#breadcrumb\"},\"inLanguage\":\"en-US\",\"potentialAction\":[{\"@type\":\"ReadAction\",\"target\":[\"https:\/\/penzionteddy.sk\/en\/cookies-policy\/\"]}]},{\"@type\":\"BreadcrumbList\",\"@id\":\"https:\/\/penzionteddy.sk\/en\/cookies-policy\/#breadcrumb\",\"itemListElement\":[{\"@type\":\"ListItem\",\"position\":1,\"name\":\"Home\",\"item\":\"https:\/\/penzionteddy.sk\/en\/\"},{\"@type\":\"ListItem\",\"position\":2,\"name\":\"Cookies policy\"}]},{\"@type\":\"WebSite\",\"@id\":\"https:\/\/penzionteddy.sk\/en\/#website\",\"url\":\"https:\/\/penzionteddy.sk\/en\/\",\"name\":\"Apartm\u00e1ny Teddy\",\"description\":\"ubytovanie v Bojniciach, ubytovanie s ra\u0148ajkami, Bojnice\",\"publisher\":{\"@id\":\"https:\/\/penzionteddy.sk\/en\/#organization\"},\"potentialAction\":[{\"@type\":\"SearchAction\",\"target\":{\"@type\":\"EntryPoint\",\"urlTemplate\":\"https:\/\/penzionteddy.sk\/en\/?s={search_term_string}\"},\"query-input\":{\"@type\":\"PropertyValueSpecification\",\"valueRequired\":true,\"valueName\":\"search_term_string\"}}],\"inLanguage\":\"en-US\"},{\"@type\":\"Organization\",\"@id\":\"https:\/\/penzionteddy.sk\/en\/#organization\",\"name\":\"Apartm\u00e1ny Teddy\",\"url\":\"https:\/\/penzionteddy.sk\/en\/\",\"logo\":{\"@type\":\"ImageObject\",\"inLanguage\":\"en-US\",\"@id\":\"https:\/\/penzionteddy.sk\/en\/#\/schema\/logo\/image\/\",\"url\":\"https:\/\/penzionteddy.sk\/wp-content\/uploads\/Teddy_logo4_biele-01.png\",\"contentUrl\":\"https:\/\/penzionteddy.sk\/wp-content\/uploads\/Teddy_logo4_biele-01.png\",\"width\":436,\"height\":469,\"caption\":\"Apartm\u00e1ny Teddy\"},\"image\":{\"@id\":\"https:\/\/penzionteddy.sk\/en\/#\/schema\/logo\/image\/\"}}]}<\/script>\n<!-- \/ Yoast SEO plugin. -->","yoast_head_json":{"title":"Cookies policy - Apartm\u00e1ny Teddy","robots":{"index":"index","follow":"follow","max-snippet":"max-snippet:-1","max-image-preview":"max-image-preview:large","max-video-preview":"max-video-preview:-1"},"canonical":"https:\/\/penzionteddy.sk\/en\/cookies-policy\/","og_locale":"en_US","og_type":"article","og_title":"Cookies policy - Apartm\u00e1ny Teddy","og_description":"Cookies policy S\u00fabory cookieS cie\u013eom zabezpe\u010di\u0165 riadne fungovanie tejto webovej lokality uklad\u00e1me niekedy na va\u0161om zariaden\u00ed mal\u00e9 d\u00e1tov\u00e9 s\u00fabory, tzv. cookie. Je to be\u017en\u00e1 prax v\u00e4\u010d\u0161iny ve\u013ek\u00fdch webov\u00fdch lokal\u00edt. \u010co s\u00fa s\u00fabory cookie?S\u00fabor cookie je mal\u00fd textov\u00fd s\u00fabor, ktor\u00fd webov\u00e1 lokalita uklad\u00e1 vo va\u0161om po\u010d\u00edta\u010di alebo mobilnom zariaden\u00ed pri jej prehliadan\u00ed. V\u010faka tomuto s\u00faboru si [&hellip;]","og_url":"https:\/\/penzionteddy.sk\/en\/cookies-policy\/","og_site_name":"Apartm\u00e1ny Teddy","article_modified_time":"2021-02-16T18:26:18+00:00","twitter_card":"summary_large_image","twitter_misc":{"Est. reading time":"1 minute"},"schema":{"@context":"https:\/\/schema.org","@graph":[{"@type":"WebPage","@id":"https:\/\/penzionteddy.sk\/en\/cookies-policy\/","url":"https:\/\/penzionteddy.sk\/en\/cookies-policy\/","name":"Cookies policy - Apartm\u00e1ny Teddy","isPartOf":{"@id":"https:\/\/penzionteddy.sk\/en\/#website"},"datePublished":"2021-02-15T20:54:02+00:00","dateModified":"2021-02-16T18:26:18+00:00","breadcrumb":{"@id":"https:\/\/penzionteddy.sk\/en\/cookies-policy\/#breadcrumb"},"inLanguage":"en-US","potentialAction":[{"@type":"ReadAction","target":["https:\/\/penzionteddy.sk\/en\/cookies-policy\/"]}]},{"@type":"BreadcrumbList","@id":"https:\/\/penzionteddy.sk\/en\/cookies-policy\/#breadcrumb","itemListElement":[{"@type":"ListItem","position":1,"name":"Home","item":"https:\/\/penzionteddy.sk\/en\/"},{"@type":"ListItem","position":2,"name":"Cookies policy"}]},{"@type":"WebSite","@id":"https:\/\/penzionteddy.sk\/en\/#website","url":"https:\/\/penzionteddy.sk\/en\/","name":"Apartm\u00e1ny Teddy","description":"ubytovanie v Bojniciach, ubytovanie s ra\u0148ajkami, Bojnice","publisher":{"@id":"https:\/\/penzionteddy.sk\/en\/#organization"},"potentialAction":[{"@type":"SearchAction","target":{"@type":"EntryPoint","urlTemplate":"https:\/\/penzionteddy.sk\/en\/?s={search_term_string}"},"query-input":{"@type":"PropertyValueSpecification","valueRequired":true,"valueName":"search_term_string"}}],"inLanguage":"en-US"},{"@type":"Organization","@id":"https:\/\/penzionteddy.sk\/en\/#organization","name":"Apartm\u00e1ny Teddy","url":"https:\/\/penzionteddy.sk\/en\/","logo":{"@type":"ImageObject","inLanguage":"en-US","@id":"https:\/\/penzionteddy.sk\/en\/#\/schema\/logo\/image\/","url":"https:\/\/penzionteddy.sk\/wp-content\/uploads\/Teddy_logo4_biele-01.png","contentUrl":"https:\/\/penzionteddy.sk\/wp-content\/uploads\/Teddy_logo4_biele-01.png","width":436,"height":469,"caption":"Apartm\u00e1ny Teddy"},"image":{"@id":"https:\/\/penzionteddy.sk\/en\/#\/schema\/logo\/image\/"}}]}},"_links":{"self":[{"href":"https:\/\/penzionteddy.sk\/en\/wp-json\/wp\/v2\/pages\/1730","targetHints":{"allow":["GET"]}}],"collection":[{"href":"https:\/\/penzionteddy.sk\/en\/wp-json\/wp\/v2\/pages"}],"about":[{"href":"https:\/\/penzionteddy.sk\/en\/wp-json\/wp\/v2\/types\/page"}],"author":[{"embeddable":true,"href":"https:\/\/penzionteddy.sk\/en\/wp-json\/wp\/v2\/users\/1"}],"replies":[{"embeddable":true,"href":"https:\/\/penzionteddy.sk\/en\/wp-json\/wp\/v2\/comments?post=1730"}],"version-history":[{"count":3,"href":"https:\/\/penzionteddy.sk\/en\/wp-json\/wp\/v2\/pages\/1730\/revisions"}],"predecessor-version":[{"id":1860,"href":"https:\/\/penzionteddy.sk\/en\/wp-json\/wp\/v2\/pages\/1730\/revisions\/1860"}],"wp:attachment":[{"href":"https:\/\/penzionteddy.sk\/en\/wp-json\/wp\/v2\/media?parent=1730"}],"curies":[{"name":"wp","href":"https:\/\/api.w.org\/{rel}","templated":true}]}}